{"id":2,"date":"2014-10-06T01:05:51","date_gmt":"2014-10-06T01:05:51","guid":{"rendered":"http:\/\/www.korhelik.cz\/?page_id=2"},"modified":"2023-09-27T21:02:57","modified_gmt":"2023-09-27T20:02:57","slug":"zkusebni-stranka","status":"publish","type":"page","link":"https:\/\/www.korhelik.cz\/?page_id=2","title":{"rendered":"O mne"},"content":{"rendered":"\n<p><\/p>\n\n\n\n<blockquote class=\"wp-block-quote is-layout-flow wp-block-quote-is-layout-flow\">\n<p><\/p>\n\n\n\n<p> \u017divot mi umo\u017enil nazrie\u0165 do vertik\u00e1lneho sveta v&nbsp;ktorom platia odli\u0161n\u00e9 princ\u00edpy ako v&nbsp;tom horizont\u00e1lnom, ktor\u00fd \u017eijeme vo v\u0161edn\u00fdch d\u0148och. Horolezectvo je pre m\u0148a niekde medzi \u0161portom, \u017eivotn\u00fdm \u0161t\u00fdlom a&nbsp;filozofiou. \u017dia\u013e m\u00e1m pocit, \u017ee v s\u00fa\u010dasnej lezeckej komunite sa pr\u00e1ve spom\u00ednan\u00e1  \u201chorolezeck\u00e1 filozofia\u201d vytr\u00e1ca. Som r\u00e1d, \u017ee ako horolezec nie som odchovan\u00fd na umel\u00fdch sten\u00e1ch, ale moje horolezeck\u00e9 za\u010diatky s\u00fa spojen\u00e9 s lezcami zo \u201cstarej \u0161koly\u201d pre ktor\u00fdch bolo v\u017edy kamar\u00e1tstvo na lane viac ne\u017e prelezen\u00e1 obtia\u017enos\u0165 cesty. Ako povedala jedna z legiend \u010ceskoslovensk\u00e9ho horolezectva: \u201cHodnota horolezeck\u00e9ho v\u00fdstupu sa meria mierou radosti ktor\u00fa ti prinesie.\u201d<\/p>\n\n\n\n<figure class=\"wp-block-image size-large\"><a href=\"https:\/\/www.korhelik.cz\/wp-content\/uploads\/2023\/09\/2F970894-2F07-4AA2-BEE2-A453ACC2CC86.jpeg\"><img loading=\"lazy\" decoding=\"async\" width=\"1024\" height=\"741\" src=\"https:\/\/www.korhelik.cz\/wp-content\/uploads\/2023\/09\/2F970894-2F07-4AA2-BEE2-A453ACC2CC86-1024x741.jpeg\" alt=\"\" class=\"wp-image-330\" srcset=\"https:\/\/www.korhelik.cz\/wp-content\/uploads\/2023\/09\/2F970894-2F07-4AA2-BEE2-A453ACC2CC86-1024x741.jpeg 1024w, https:\/\/www.korhelik.cz\/wp-content\/uploads\/2023\/09\/2F970894-2F07-4AA2-BEE2-A453ACC2CC86-300x217.jpeg 300w, https:\/\/www.korhelik.cz\/wp-content\/uploads\/2023\/09\/2F970894-2F07-4AA2-BEE2-A453ACC2CC86-768x556.jpeg 768w, https:\/\/www.korhelik.cz\/wp-content\/uploads\/2023\/09\/2F970894-2F07-4AA2-BEE2-A453ACC2CC86-1536x1112.jpeg 1536w, https:\/\/www.korhelik.cz\/wp-content\/uploads\/2023\/09\/2F970894-2F07-4AA2-BEE2-A453ACC2CC86-2048x1482.jpeg 2048w\" sizes=\"auto, (max-width: 1024px) 100vw, 1024px\" \/><\/a><\/figure>\n<\/blockquote>\n","protected":false},"excerpt":{"rendered":"","protected":false},"author":2,"featured_media":0,"parent":0,"menu_order":0,"comment_status":"open","ping_status":"open","template":"","meta":{"footnotes":""},"class_list":["post-2","page","type-page","status-publish","hentry"],"_links":{"self":[{"href":"https:\/\/www.korhelik.cz\/index.php?rest_route=\/wp\/v2\/pages\/2","targetHints":{"allow":["GET"]}}],"collection":[{"href":"https:\/\/www.korhelik.cz\/index.php?rest_route=\/wp\/v2\/pages"}],"about":[{"href":"https:\/\/www.korhelik.cz\/index.php?rest_route=\/wp\/v2\/types\/page"}],"author":[{"embeddable":true,"href":"https:\/\/www.korhelik.cz\/index.php?rest_route=\/wp\/v2\/users\/2"}],"replies":[{"embeddable":true,"href":"https:\/\/www.korhelik.cz\/index.php?rest_route=%2Fwp%2Fv2%2Fcomments&post=2"}],"version-history":[{"count":28,"href":"https:\/\/www.korhelik.cz\/index.php?rest_route=\/wp\/v2\/pages\/2\/revisions"}],"predecessor-version":[{"id":331,"href":"https:\/\/www.korhelik.cz\/index.php?rest_route=\/wp\/v2\/pages\/2\/revisions\/331"}],"wp:attachment":[{"href":"https:\/\/www.korhelik.cz\/index.php?rest_route=%2Fwp%2Fv2%2Fmedia&parent=2"}],"curies":[{"name":"wp","href":"https:\/\/api.w.org\/{rel}","templated":true}]}}